{"id":19,"date":"2024-01-23T16:24:40","date_gmt":"2024-01-23T15:24:40","guid":{"rendered":"https:\/\/castellum-ad-louffi.de\/?page_id=19"},"modified":"2026-05-04T19:24:09","modified_gmt":"2026-05-04T18:24:09","slug":"programm-2024","status":"publish","type":"page","link":"https:\/\/castellum-ad-louffi.de\/?page_id=19","title":{"rendered":"Programm 2026"},"content":{"rendered":"\n<h4 class=\"wp-block-heading has-text-align-center has-text-color has-link-color wp-elements-5a20d9903fc4e371e835483525603fb4\" style=\"color:#962700\">Unsere K\u00fcnstler:<\/h4>\n\n\n\n<p class=\"has-text-align-center\"><strong>Magicus Solvius<\/strong> &#8211; Zauberei f\u00fcr Jung und Alt.<br><strong>Die Schepperer<\/strong> \u2013 Mittelalterlicher Klang mit ordentlich Wumms!<br><strong>Terry der Barde<\/strong> \u2013 Geschichten und Gesang, wie aus einer anderen Zeit.<br><strong>Jolandolo vom Birkenschwamm<\/strong> \u2013 Zauberhaftes Spiel, das Jung und Alt begeistert.<br><strong>Jack und Cori&#8217;s Zauberwelt<\/strong> &#8211; Kinderprogramm f\u00fcr die ganz kleinen.<br><strong>Heydenrausch<\/strong> &#8211; Mittelalterliche Stimmungsmacher.<br><strong>Weibsvolk<\/strong> &#8211; Musik des Mittelalters<br><strong>Samira<\/strong> &#8211; mittelalterlicher Tanz<\/p>\n\n\n\n<p class=\"has-text-align-center has-text-color has-link-color wp-elements-5b2fccc744d2d683fd3558e061925bbd\" style=\"color:#962700\"><strong>Unsere Schausteller und Fieranten:<\/strong><\/p>\n\n\n\n<p class=\"has-text-align-center\">Furrure Artis<br>Zauberweib<br>Des F\u00fcnferl<br>Mad&#8217;s H\u00f6rner<br>De Hoizwurmbastler<br>Der Duftkessel<br>Chrissy&#8217;s Spezerey<br>SIDAYA<br>Der N\u00e4her<br>Mixta Artis<br>TeJoLetherWorks<br>Katarina Fairytale<br>Seinfekistl<br>Samira Snakebites<br>Die Gewandh\u00fctte<br>Der Stoffdealer<br>Merhaba Orient<br>Glasperlenwerkstatt an der Mangfall<br>Honigst\u00fcberl Berchtesgaden e.K.<br>Bienenstock No.1<br>Badehaus Lavabrum Luxurium<br>Isi&#8217;s Spezereyen<br>Hunti.Danti<br>FelpaMano<br>Runenwerk<br>Juttas Handkarren<br>Hafelmacherei<br>Nadelphantasie<br>Hoizschrat<br>Die Walrkr\u00e4uterfee<br>Rabenwerk<br>Zum roten Tuch<br>Ravn Soesken<br>Feuermanufaktur<br>Der Salamidealer<br>Schiffschaukel<br><\/p>\n\n\n\n<p class=\"has-text-align-center has-text-color has-link-color wp-elements-faf23b079dd7e1d6e3ed82a4d5b3aa47\" style=\"color:#962700\"><strong>dartellendes Handwerk:<\/strong><\/p>\n\n\n\n<p class=\"has-text-align-center\">Spinnerin Medusa<br>Die kleine Lederwerkstatt<br>Sir Robin&#8217;s Lederwelt<br>Erik der Schmied<br>Minas Textilwerkstatt<br>Bronzegie\u00dfer Josef Kral<br><\/p>\n\n\n\n<p>Ob feine Handwerkskunst, duftende Elixiere oder klangvolle Darbietungen \u2013 unser Markt wird bunt, vielf\u00e4ltig und magisch wie nie zuvor!<\/p>\n\n\n\n<hr class=\"wp-block-separator has-alpha-channel-opacity\"\/>\n\n\n\n<h4 class=\"wp-block-heading has-text-align-center has-text-color has-link-color wp-elements-f377ff0d639e68ccf69ff90a8950ddc1\" style=\"color:#962700\">Lagergruppen <\/h4>\n\n\n\n<p class=\"has-text-align-center\">Erste Informationen zu den teilnehmenden Lagergruppen folgen in K\u00fcrze!<\/p>\n","protected":false},"excerpt":{"rendered":"<p>Unsere K\u00fcnstler: Magicus Solvius &#8211; Zauberei f\u00fcr Jung und Alt.Die Schepperer \u2013 Mittelalterlicher Klang mit ordentlich Wumms!Terry der Barde \u2013 Geschichten und Gesang, wie aus einer anderen Zeit.Jolandolo vom Birkenschwamm &hellip; <\/p>\n<p class=\"link-more\"><a href=\"https:\/\/castellum-ad-louffi.de\/?page_id=19\" class=\"more-link\"><span class=\"screen-reader-text\">\u201eProgramm 2026\u201c <\/span>weiterlesen<\/a><\/p>\n","protected":false},"author":1,"featured_media":0,"parent":0,"menu_order":0,"comment_status":"closed","ping_status":"closed","template":"","meta":{"footnotes":""},"class_list":["post-19","page","type-page","status-publish","hentry"],"_links":{"self":[{"href":"https:\/\/castellum-ad-louffi.de\/index.php?rest_route=\/wp\/v2\/pages\/19","targetHints":{"allow":["GET"]}}],"collection":[{"href":"https:\/\/castellum-ad-louffi.de\/index.php?rest_route=\/wp\/v2\/pages"}],"about":[{"href":"https:\/\/castellum-ad-louffi.de\/index.php?rest_route=\/wp\/v2\/types\/page"}],"author":[{"embeddable":true,"href":"https:\/\/castellum-ad-louffi.de\/index.php?rest_route=\/wp\/v2\/users\/1"}],"replies":[{"embeddable":true,"href":"https:\/\/castellum-ad-louffi.de\/index.php?rest_route=%2Fwp%2Fv2%2Fcomments&post=19"}],"version-history":[{"count":8,"href":"https:\/\/castellum-ad-louffi.de\/index.php?rest_route=\/wp\/v2\/pages\/19\/revisions"}],"predecessor-version":[{"id":379,"href":"https:\/\/castellum-ad-louffi.de\/index.php?rest_route=\/wp\/v2\/pages\/19\/revisions\/379"}],"wp:attachment":[{"href":"https:\/\/castellum-ad-louffi.de\/index.php?rest_route=%2Fwp%2Fv2%2Fmedia&parent=19"}],"curies":[{"name":"wp","href":"https:\/\/api.w.org\/{rel}","templated":true}]}}