{"id":5,"date":"2024-01-07T00:21:23","date_gmt":"2024-01-07T00:21:23","guid":{"rendered":"https:\/\/castellum-ad-louffi.de\/willkommen-auf-https-castellum-ad-louffi-de\/"},"modified":"2026-03-29T20:56:36","modified_gmt":"2026-03-29T19:56:36","slug":"startseite","status":"publish","type":"page","link":"https:\/\/castellum-ad-louffi.de\/","title":{"rendered":"Herzlich willkommen bei Castellum ad Louffi"},"content":{"rendered":"\n<p class=\"has-text-align-center\">Erneut hei\u00dft es: <mark style=\"background-color:rgba(0, 0, 0, 0)\" class=\"has-inline-color has-black-color\">&#8220;KOMMET SEHET STAUNET!&#8221;<\/mark><br>Das &#8220;Castellum ad Louffi&#8221; geht in eine weitere Runde. Von<strong> <mark style=\"background-color:rgba(0, 0, 0, 0);color:#962700\" class=\"has-inline-color\">26. &#8211; 28. Juni 2026<\/mark> <\/strong>l\u00e4dt die Stadt Laufen wieder ein, in die Welt des Mittelalters einzutauchen.<\/p>\n\n\n\n<hr class=\"wp-block-separator has-alpha-channel-opacity\"\/>\n\n\n\n<h2 class=\"wp-block-heading has-text-align-center\"><strong>Unsere Sponsoren:<\/strong><\/h2>\n\n\n\n<div class=\"alignnormal\"><div id=\"metaslider-id-335\" style=\"width: 100%; margin: 0 auto;\" class=\"ml-slider-3-107-0 metaslider metaslider-flex metaslider-335 ml-slider has-carousel-mode ms-theme-default nav-hidden\" role=\"region\" aria-label=\"Image Carousel\" data-height=\"400\" data-width=\"600\">\n    <div id=\"metaslider_container_335\">\n        <div id=\"metaslider_335\">\n            <ul aria-live='off' class='slides'>\n                <li style=\"display: none; width: 100%;\" class=\"slide-348 ms-image \" aria-roledescription=\"slide\" data-date=\"2026-03-29 19:56:05\" data-filename=\"Firmierung_RGB_web.png\" data-slide-type=\"image\"><img loading=\"lazy\" decoding=\"async\" width=\"1233\" height=\"323\" src=\"https:\/\/castellum-ad-louffi.de\/wp-content\/uploads\/2026\/03\/Firmierung_RGB_web.png\" class=\"slider-335 slide-348 msDefaultImage\" alt=\"\" rel=\"\" title=\"Firmierung_RGB_web\" srcset=\"https:\/\/castellum-ad-louffi.de\/wp-content\/uploads\/2026\/03\/Firmierung_RGB_web.png 1233w, https:\/\/castellum-ad-louffi.de\/wp-content\/uploads\/2026\/03\/Firmierung_RGB_web-300x79.png 300w, https:\/\/castellum-ad-louffi.de\/wp-content\/uploads\/2026\/03\/Firmierung_RGB_web-1024x268.png 1024w, https:\/\/castellum-ad-louffi.de\/wp-content\/uploads\/2026\/03\/Firmierung_RGB_web-768x201.png 768w\" sizes=\"auto, 100vw\" \/><\/li>\n                <li style=\"display: none; width: 100%;\" class=\"slide-349 ms-image \" aria-roledescription=\"slide\" data-date=\"2026-03-29 19:56:29\" data-filename=\"Sichert-Gold-Aufkleber.png\" data-slide-type=\"image\"><img loading=\"lazy\" decoding=\"async\" width=\"1962\" height=\"1314\" src=\"https:\/\/castellum-ad-louffi.de\/wp-content\/uploads\/2026\/03\/Sichert-Gold-Aufkleber.png\" class=\"slider-335 slide-349 msDefaultImage\" alt=\"\" rel=\"\" title=\"Sichert-Gold-Aufkleber\" srcset=\"https:\/\/castellum-ad-louffi.de\/wp-content\/uploads\/2026\/03\/Sichert-Gold-Aufkleber.png 1962w, https:\/\/castellum-ad-louffi.de\/wp-content\/uploads\/2026\/03\/Sichert-Gold-Aufkleber-300x201.png 300w, https:\/\/castellum-ad-louffi.de\/wp-content\/uploads\/2026\/03\/Sichert-Gold-Aufkleber-1024x686.png 1024w, https:\/\/castellum-ad-louffi.de\/wp-content\/uploads\/2026\/03\/Sichert-Gold-Aufkleber-768x514.png 768w, https:\/\/castellum-ad-louffi.de\/wp-content\/uploads\/2026\/03\/Sichert-Gold-Aufkleber-1536x1029.png 1536w\" sizes=\"auto, 100vw\" \/><\/li>\n                <li style=\"display: none; width: 100%;\" class=\"slide-350 ms-image \" aria-roledescription=\"slide\" data-date=\"2026-03-29 19:56:37\" data-filename=\"Braunsperger-scaled.jpg\" data-slide-type=\"image\"><img loading=\"lazy\" decoding=\"async\" width=\"2560\" height=\"1505\" src=\"https:\/\/castellum-ad-louffi.de\/wp-content\/uploads\/2026\/03\/Braunsperger-scaled.jpg\" class=\"slider-335 slide-350 msDefaultImage\" alt=\"\" rel=\"\" title=\"Braunsperger\" srcset=\"https:\/\/castellum-ad-louffi.de\/wp-content\/uploads\/2026\/03\/Braunsperger-scaled.jpg 2560w, https:\/\/castellum-ad-louffi.de\/wp-content\/uploads\/2026\/03\/Braunsperger-300x176.jpg 300w, https:\/\/castellum-ad-louffi.de\/wp-content\/uploads\/2026\/03\/Braunsperger-1024x602.jpg 1024w, https:\/\/castellum-ad-louffi.de\/wp-content\/uploads\/2026\/03\/Braunsperger-768x452.jpg 768w, https:\/\/castellum-ad-louffi.de\/wp-content\/uploads\/2026\/03\/Braunsperger-1536x903.jpg 1536w, https:\/\/castellum-ad-louffi.de\/wp-content\/uploads\/2026\/03\/Braunsperger-2048x1204.jpg 2048w\" sizes=\"auto, 100vw\" \/><\/li>\n                <li style=\"display: none; width: 100%;\" class=\"slide-351 ms-image \" aria-roledescription=\"slide\" data-date=\"2026-03-29 19:56:50\" data-filename=\"Kreativstuebchen.jpg\" data-slide-type=\"image\"><img loading=\"lazy\" decoding=\"async\" width=\"1498\" height=\"1393\" src=\"https:\/\/castellum-ad-louffi.de\/wp-content\/uploads\/2026\/03\/Kreativstuebchen.jpg\" class=\"slider-335 slide-351 msDefaultImage\" alt=\"\" rel=\"\" title=\"Kreativst\u00fcbchen\" srcset=\"https:\/\/castellum-ad-louffi.de\/wp-content\/uploads\/2026\/03\/Kreativstuebchen.jpg 1498w, https:\/\/castellum-ad-louffi.de\/wp-content\/uploads\/2026\/03\/Kreativstuebchen-300x279.jpg 300w, https:\/\/castellum-ad-louffi.de\/wp-content\/uploads\/2026\/03\/Kreativstuebchen-1024x952.jpg 1024w, https:\/\/castellum-ad-louffi.de\/wp-content\/uploads\/2026\/03\/Kreativstuebchen-768x714.jpg 768w\" sizes=\"auto, 100vw\" \/><\/li>\n                <li style=\"display: none; width: 100%;\" class=\"slide-352 ms-image \" aria-roledescription=\"slide\" data-date=\"2026-03-29 19:57:05\" data-filename=\"Buchwinkler.jpg\" data-slide-type=\"image\"><img loading=\"lazy\" decoding=\"async\" width=\"753\" height=\"188\" src=\"https:\/\/castellum-ad-louffi.de\/wp-content\/uploads\/2026\/03\/Buchwinkler.jpg\" class=\"slider-335 slide-352 msDefaultImage\" alt=\"\" rel=\"\" title=\"Buchwinkler\" srcset=\"https:\/\/castellum-ad-louffi.de\/wp-content\/uploads\/2026\/03\/Buchwinkler.jpg 753w, https:\/\/castellum-ad-louffi.de\/wp-content\/uploads\/2026\/03\/Buchwinkler-300x75.jpg 300w\" sizes=\"auto, 100vw\" \/><\/li>\n                <li style=\"display: none; width: 100%;\" class=\"slide-353 ms-image \" aria-roledescription=\"slide\" data-date=\"2026-03-29 19:57:17\" data-filename=\"Raiffeisen-Rupertiwinkel-scaled.jpg\" data-slide-type=\"image\"><img loading=\"lazy\" decoding=\"async\" width=\"2560\" height=\"1536\" src=\"https:\/\/castellum-ad-louffi.de\/wp-content\/uploads\/2026\/03\/Raiffeisen-Rupertiwinkel-scaled.jpg\" class=\"slider-335 slide-353 msDefaultImage\" alt=\"\" rel=\"\" title=\"Raiffeisen Rupertiwinkel\" srcset=\"https:\/\/castellum-ad-louffi.de\/wp-content\/uploads\/2026\/03\/Raiffeisen-Rupertiwinkel-scaled.jpg 2560w, https:\/\/castellum-ad-louffi.de\/wp-content\/uploads\/2026\/03\/Raiffeisen-Rupertiwinkel-300x180.jpg 300w, https:\/\/castellum-ad-louffi.de\/wp-content\/uploads\/2026\/03\/Raiffeisen-Rupertiwinkel-1024x614.jpg 1024w, https:\/\/castellum-ad-louffi.de\/wp-content\/uploads\/2026\/03\/Raiffeisen-Rupertiwinkel-768x461.jpg 768w, https:\/\/castellum-ad-louffi.de\/wp-content\/uploads\/2026\/03\/Raiffeisen-Rupertiwinkel-1536x921.jpg 1536w, https:\/\/castellum-ad-louffi.de\/wp-content\/uploads\/2026\/03\/Raiffeisen-Rupertiwinkel-2048x1229.jpg 2048w, https:\/\/castellum-ad-louffi.de\/wp-content\/uploads\/2026\/03\/Raiffeisen-Rupertiwinkel-2000x1200.jpg 2000w\" sizes=\"auto, 100vw\" \/><\/li>\n                <li style=\"display: none; width: 100%;\" class=\"slide-354 ms-image \" aria-roledescription=\"slide\" data-date=\"2026-03-29 19:57:28\" data-filename=\"Mandat.jpg\" data-slide-type=\"image\"><img loading=\"lazy\" decoding=\"async\" width=\"593\" height=\"593\" src=\"https:\/\/castellum-ad-louffi.de\/wp-content\/uploads\/2026\/03\/Mandat.jpg\" class=\"slider-335 slide-354 msDefaultImage\" alt=\"\" rel=\"\" title=\"Mandat\" srcset=\"https:\/\/castellum-ad-louffi.de\/wp-content\/uploads\/2026\/03\/Mandat.jpg 593w, https:\/\/castellum-ad-louffi.de\/wp-content\/uploads\/2026\/03\/Mandat-300x300.jpg 300w, https:\/\/castellum-ad-louffi.de\/wp-content\/uploads\/2026\/03\/Mandat-150x150.jpg 150w, https:\/\/castellum-ad-louffi.de\/wp-content\/uploads\/2026\/03\/Mandat-100x100.jpg 100w, https:\/\/castellum-ad-louffi.de\/wp-content\/uploads\/2026\/03\/Mandat-400x400.jpg 400w\" sizes=\"auto, 100vw\" \/><\/li>\n                <li style=\"display: none; width: 100%;\" class=\"slide-362 ms-image \" aria-roledescription=\"slide\" data-date=\"2026-03-29 20:15:19\" data-filename=\"kraller.png\" data-slide-type=\"image\"><img loading=\"lazy\" decoding=\"async\" width=\"1159\" height=\"807\" src=\"https:\/\/castellum-ad-louffi.de\/wp-content\/uploads\/2026\/03\/kraller.png\" class=\"slider-335 slide-362 msDefaultImage\" alt=\"\" rel=\"\" title=\"kraller\" srcset=\"https:\/\/castellum-ad-louffi.de\/wp-content\/uploads\/2026\/03\/kraller.png 1159w, https:\/\/castellum-ad-louffi.de\/wp-content\/uploads\/2026\/03\/kraller-300x209.png 300w, https:\/\/castellum-ad-louffi.de\/wp-content\/uploads\/2026\/03\/kraller-1024x713.png 1024w, https:\/\/castellum-ad-louffi.de\/wp-content\/uploads\/2026\/03\/kraller-768x535.png 768w\" sizes=\"auto, 100vw\" \/><\/li>\n            <\/ul>\n        <\/div>\n        \n    <\/div>\n<\/div><\/div>\n\n\n\n<figure class=\"wp-block-image size-large\"><img loading=\"lazy\" decoding=\"async\" width=\"725\" height=\"1024\" src=\"https:\/\/castellum-ad-louffi.de\/wp-content\/uploads\/2026\/03\/Plakat_A1_CMYK-klein-725x1024.jpg\" alt=\"\" class=\"wp-image-368\" srcset=\"https:\/\/castellum-ad-louffi.de\/wp-content\/uploads\/2026\/03\/Plakat_A1_CMYK-klein-725x1024.jpg 725w, https:\/\/castellum-ad-louffi.de\/wp-content\/uploads\/2026\/03\/Plakat_A1_CMYK-klein-213x300.jpg 213w, https:\/\/castellum-ad-louffi.de\/wp-content\/uploads\/2026\/03\/Plakat_A1_CMYK-klein-768x1084.jpg 768w, https:\/\/castellum-ad-louffi.de\/wp-content\/uploads\/2026\/03\/Plakat_A1_CMYK-klein-1088x1536.jpg 1088w, https:\/\/castellum-ad-louffi.de\/wp-content\/uploads\/2026\/03\/Plakat_A1_CMYK-klein-1451x2048.jpg 1451w, https:\/\/castellum-ad-louffi.de\/wp-content\/uploads\/2026\/03\/Plakat_A1_CMYK-klein-scaled.jpg 1814w\" sizes=\"auto, (max-width: 725px) 100vw, 725px\" \/><\/figure>\n\n\n\n<h4 class=\"wp-block-heading has-text-align-center has-text-color has-link-color wp-elements-9a54c353208439867845faea1a153831\" style=\"color:#962700\">Liebe Mittelalterfreunde, <\/h4>\n\n\n\n<p class=\"has-text-align-center\">ihr seid der Wahnsinn \u2013 wir sind \u00fcberw\u00e4ltigt von der riesigen Resonanz!<br>Aufgrund der unerwartet vielen Bewerbungen k\u00f6nnen wir aktuell <strong>keine weiteren Anmeldungen f\u00fcr Lagergruppen, K\u00fcnstler und H\u00e4ndler<\/strong> mehr annehmen.<\/p>\n\n\n\n<p class=\"has-text-align-center\">Wir danken euch f\u00fcr euer unglaubliches Interesse und eure Leidenschaft \u2013<br><strong>wir sehen uns 2026!<\/strong><\/p>\n\n\n\n<hr class=\"wp-block-separator has-alpha-channel-opacity\"\/>\n\n\n\n<p><\/p>\n\n\n\n<p><\/p>\n","protected":false},"excerpt":{"rendered":"<p>Erneut hei\u00dft es: &#8220;KOMMET SEHET STAUNET!&#8221;Das &#8220;Castellum ad Louffi&#8221; geht in eine weitere Runde. Von 26. &#8211; 28. Juni 2026 l\u00e4dt die Stadt Laufen wieder ein, in die Welt des &hellip; <\/p>\n<p class=\"link-more\"><a href=\"https:\/\/castellum-ad-louffi.de\/\" class=\"more-link\"><span class=\"screen-reader-text\">\u201eHerzlich willkommen bei Castellum ad Louffi\u201c <\/span>weiterlesen<\/a><\/p>\n","protected":false},"author":1,"featured_media":0,"parent":0,"menu_order":0,"comment_status":"closed","ping_status":"closed","template":"","meta":{"footnotes":""},"class_list":["post-5","page","type-page","status-publish","hentry"],"_links":{"self":[{"href":"https:\/\/castellum-ad-louffi.de\/index.php?rest_route=\/wp\/v2\/pages\/5","targetHints":{"allow":["GET"]}}],"collection":[{"href":"https:\/\/castellum-ad-louffi.de\/index.php?rest_route=\/wp\/v2\/pages"}],"about":[{"href":"https:\/\/castellum-ad-louffi.de\/index.php?rest_route=\/wp\/v2\/types\/page"}],"author":[{"embeddable":true,"href":"https:\/\/castellum-ad-louffi.de\/index.php?rest_route=\/wp\/v2\/users\/1"}],"replies":[{"embeddable":true,"href":"https:\/\/castellum-ad-louffi.de\/index.php?rest_route=%2Fwp%2Fv2%2Fcomments&post=5"}],"version-history":[{"count":52,"href":"https:\/\/castellum-ad-louffi.de\/index.php?rest_route=\/wp\/v2\/pages\/5\/revisions"}],"predecessor-version":[{"id":370,"href":"https:\/\/castellum-ad-louffi.de\/index.php?rest_route=\/wp\/v2\/pages\/5\/revisions\/370"}],"wp:attachment":[{"href":"https:\/\/castellum-ad-louffi.de\/index.php?rest_route=%2Fwp%2Fv2%2Fmedia&parent=5"}],"curies":[{"name":"wp","href":"https:\/\/api.w.org\/{rel}","templated":true}]}}