{"id":98,"date":"2024-03-04T13:25:31","date_gmt":"2024-03-04T12:25:31","guid":{"rendered":"https:\/\/castellum-ad-louffi.de\/?page_id=98"},"modified":"2024-03-09T21:31:28","modified_gmt":"2024-03-09T20:31:28","slug":"impressum","status":"publish","type":"page","link":"https:\/\/castellum-ad-louffi.de\/?page_id=98","title":{"rendered":"Impressum"},"content":{"rendered":"\n<p><br><strong>Website<\/strong><br>Dieses Impressum gilt f\u00fcr alle Angebote unter der Domain www.castellum-ad-louffi.de inklusive<br>aller Subdomains (Unterseiten).<\/p>\n\n\n\n<p><br><strong>Angaben gem\u00e4\u00df \u00a7 5 TMG<br><\/strong>Stadt Laufen<br>Rathausplatz 1<br>83410 Laufen<br>Telefon: +49 8682 8987-0<br>E-Mail: info@stadtlaufen.de<\/p>\n\n\n\n<p><br><strong>Vertretungsberechtigte Personen<br><\/strong>Michael Steindorf, Organisator<\/p>\n\n\n\n<p><strong>Rechtliche Informationen:<\/strong><br>UID gem. \u00a7 27 a UstG: DE 131 568 115<br>Die Stadt Laufen ist eine K\u00f6rperschaft des \u00f6ffentlichen Rechts.<br>Aufsichtsbeh\u00f6rde: <a href=\"http:\/\/www.lra-bgl.de\/\" target=\"_blank\" rel=\"noreferrer noopener\">Landratsamt Berchtesgadener Land<\/a><strong><em><strong><em>_<\/em><\/strong><\/em><\/strong><\/p>\n\n\n\n<p><br><strong>Audiovisuelle Mediendienste<\/strong><br>Sitzland: Deutschland<br>Zust\u00e4ndige Aufsichtsbeh\u00f6rde: Bayern<\/p>\n\n\n\n<p><br><strong>G\u00fcltigkeit<br><\/strong>Dieses Impressum gilt ab dem 6. M\u00e4rz 2024.<\/p>\n","protected":false},"excerpt":{"rendered":"<p>WebsiteDieses Impressum gilt f\u00fcr alle Angebote unter der Domain www.castellum-ad-louffi.de inklusivealler Subdomains (Unterseiten). Angaben gem\u00e4\u00df \u00a7 5 TMGStadt LaufenRathausplatz 183410 LaufenTelefon: +49 8682 8987-0E-Mail: info@stadtlaufen.de Vertretungsberechtigte PersonenMichael Steindorf, Organisator Rechtliche &hellip; <\/p>\n<p class=\"link-more\"><a href=\"https:\/\/castellum-ad-louffi.de\/?page_id=98\" class=\"more-link\"><span class=\"screen-reader-text\">\u201eImpressum\u201c <\/span>weiterlesen<\/a><\/p>\n","protected":false},"author":1,"featured_media":0,"parent":0,"menu_order":0,"comment_status":"closed","ping_status":"closed","template":"","meta":{"footnotes":""},"class_list":["post-98","page","type-page","status-publish","hentry"],"_links":{"self":[{"href":"https:\/\/castellum-ad-louffi.de\/index.php?rest_route=\/wp\/v2\/pages\/98","targetHints":{"allow":["GET"]}}],"collection":[{"href":"https:\/\/castellum-ad-louffi.de\/index.php?rest_route=\/wp\/v2\/pages"}],"about":[{"href":"https:\/\/castellum-ad-louffi.de\/index.php?rest_route=\/wp\/v2\/types\/page"}],"author":[{"embeddable":true,"href":"https:\/\/castellum-ad-louffi.de\/index.php?rest_route=\/wp\/v2\/users\/1"}],"replies":[{"embeddable":true,"href":"https:\/\/castellum-ad-louffi.de\/index.php?rest_route=%2Fwp%2Fv2%2Fcomments&post=98"}],"version-history":[{"count":3,"href":"https:\/\/castellum-ad-louffi.de\/index.php?rest_route=\/wp\/v2\/pages\/98\/revisions"}],"predecessor-version":[{"id":161,"href":"https:\/\/castellum-ad-louffi.de\/index.php?rest_route=\/wp\/v2\/pages\/98\/revisions\/161"}],"wp:attachment":[{"href":"https:\/\/castellum-ad-louffi.de\/index.php?rest_route=%2Fwp%2Fv2%2Fmedia&parent=98"}],"curies":[{"name":"wp","href":"https:\/\/api.w.org\/{rel}","templated":true}]}}